{"id":5,"date":"2020-08-06T20:43:32","date_gmt":"2020-08-07T00:43:32","guid":{"rendered":"https:\/\/www.bloomnordicberries.com\/home\/"},"modified":"2026-03-08T14:48:08","modified_gmt":"2026-03-08T18:48:08","slug":"home","status":"publish","type":"page","link":"https:\/\/www.bloomnordicberries.com\/fr\/","title":{"rendered":"Accueil"},"content":{"rendered":"<p><img fetchpriority=\"high\" decoding=\"async\" width=\"2000\" height=\"1000\" src=\"https:\/\/www.bloomnordicberries.com\/wp-content\/uploads\/2020\/08\/camerise-phase-4-2000x1000-1.jpg\" alt=\"\" srcset=\"https:\/\/www.bloomnordicberries.com\/wp-content\/uploads\/2020\/08\/camerise-phase-4-2000x1000-1.jpg 2000w, https:\/\/www.bloomnordicberries.com\/wp-content\/uploads\/2020\/08\/camerise-phase-4-2000x1000-1-300x150.jpg 300w, https:\/\/www.bloomnordicberries.com\/wp-content\/uploads\/2020\/08\/camerise-phase-4-2000x1000-1-1024x512.jpg 1024w, https:\/\/www.bloomnordicberries.com\/wp-content\/uploads\/2020\/08\/camerise-phase-4-2000x1000-1-768x384.jpg 768w, https:\/\/www.bloomnordicberries.com\/wp-content\/uploads\/2020\/08\/camerise-phase-4-2000x1000-1-1536x768.jpg 1536w\" sizes=\"(max-width: 2000px) 100vw, 2000px\" \/>\t\t\t\t\t\t\t\t\t\t\t\t\t\t\t<\/p>\n<h2>PRODUCTEUR, CONDITIONNEUR ET DISTRIBUTEUR DE CAMERISE <\/h2>\n<p>Bloom \u2013 Petits Fruits Nordiques est la premi\u00e8re entreprise de production de camerise \u00e0 grande \u00e9chelle au Canada. Avec plus de 45 000 plants en terre et nos m\u00e9thodes de gestion des cultures innovatrices, Bloom est devenu l&rsquo;un des principaux ambassadeurs de cette nouvelle culture passionnante.<\/p>\n<p>La camerise est connue sous diff\u00e9rents noms \u00e0 travers le monde. Haskap berry, Honeyberry, Ch\u00e8vrefeuille comestible sont toutes diff\u00e9rentes d\u00e9signations pour le m\u00eame fruit qui est produit par Lonicera Caerulea. On la retrouve qui pousse naturellement dans la for\u00eat bor\u00e9ale tout autour de la plan\u00e8te. Des vari\u00e9t\u00e9s \u00e0 bon go\u00fbt ont \u00e9t\u00e9 d\u00e9velopp\u00e9es au cours des deux derni\u00e8res d\u00e9cennies gr\u00e2ce \u00e0 des programmes de s\u00e9lection au Canada, aux \u00c9tats-Unis, en Russie, au Japon et en Tch\u00e9coslovaquie.<\/p>\n<h2>VID\u00c9O CORPORATIVE<\/h2>\n<p>\t\thttps:\/\/www.bloomnordicberries.com\/wp-content\/uploads\/2020\/09\/BLOOM-Harvest-Video-1.mov\t\t<\/p>\n<h2>\n<h2 data-elementor-setting-key=\"title\" data-pen-placeholder=\"\u00c9crivez ici...\" style=\"font-family: Poppins, sans-serif;letter-spacing: 1px;font-weight: 600;color: #000;text-align: center\">\n  LA CAMERISE<br \/>\n<\/h2>\n<\/h2>\n<p>La camerise est souvent compar\u00e9 \u00e0 un bleuet allong\u00e9. Elle a une forme cylindrique, une peau bleue poudre et la chair \u00e0 l&rsquo;int\u00e9rieur est d\u2019un violet intense. Le go\u00fbt peut \u00eatre d\u00e9crit comme un m\u00e9lange entre une framboise et un bleuet, acidul\u00e9 mais sucr\u00e9 et juteux. Ses applications sous forme congel\u00e9e sont particuli\u00e8rement bien adapt\u00e9es aux segments de march\u00e9 des confitures, des jus et des produits laitiers.<\/p>\n<section>\n                    <img decoding=\"async\" width=\"960\" height=\"560\" src=\"https:\/\/www.bloomnordicberries.com\/wp-content\/uploads\/2020\/08\/camerise-page-daccueil-1000x600-1-960x560.jpg\" alt=\"camerise-page-d&#039;accueil-1000x600\" \/><br \/>\n                    <img decoding=\"async\" width=\"960\" height=\"560\" src=\"https:\/\/www.bloomnordicberries.com\/wp-content\/uploads\/2020\/08\/camerise-box-close-up-1000x600-1-960x560.jpg\" alt=\"camerise-box-close-up-1000x600\" \/><br \/>\n<!-- aux-col-wrapper --><\/section>\n<p><!-- widget-container -->\t\t\t\t<\/p>\n<p style=\"text-align: left;\">\u00a0<\/p>\n<h2><strong>NOTRE PRODUIT<\/strong><\/h2>\n<p>Camerise de Grade A<\/p>\n<p style=\"padding-left: 40px;\">Saveurs complexe<\/p>\n<p style=\"padding-left: 40px;\">Aucun p\u00e9pin perceptible<\/p>\n<p style=\"padding-left: 40px;\">Puissant antioxydant<\/p>\n<p style=\"padding-left: 40px;\">Indice ORAC \u00e9lev\u00e9 (Oxygen radical absorbance capacity)<\/p>\n<p style=\"text-align: left;\">\u00a0<\/p>\n<p>\t\t\t\t\t<a href=\"http:\/\/603.ece.myftpupload.com\/product\/\"><br \/>\n\t\t\t\t\t\t\t\t\tD\u00e9couvrez notre produit<br \/>\n\t\t\t\t\t<\/a><\/p>\n<h2 style=\"text-align: center;\"><strong>CAMERISES CERTIFI\u00c9ES<\/strong><\/h2>\n<figure>\n\t\t\t\t\t\t\t\t\t\t<img loading=\"lazy\" decoding=\"async\" width=\"300\" height=\"300\" src=\"https:\/\/www.bloomnordicberries.com\/wp-content\/uploads\/2024\/12\/OU-bodycopy-logo-1-300x300.jpg\" alt=\"\" srcset=\"https:\/\/www.bloomnordicberries.com\/wp-content\/uploads\/2024\/12\/OU-bodycopy-logo-1-300x300.jpg 300w, https:\/\/www.bloomnordicberries.com\/wp-content\/uploads\/2024\/12\/OU-bodycopy-logo-1-1024x1024.jpg 1024w, https:\/\/www.bloomnordicberries.com\/wp-content\/uploads\/2024\/12\/OU-bodycopy-logo-1-150x150.jpg 150w, https:\/\/www.bloomnordicberries.com\/wp-content\/uploads\/2024\/12\/OU-bodycopy-logo-1-768x768.jpg 768w\" sizes=\"(max-width: 300px) 100vw, 300px\" \/><figcaption>Nous sommes certifi\u00e9s (UO) Kosher avec Union Orthodox.<\/figcaption><\/figure>\n","protected":false},"excerpt":{"rendered":"<p>PRODUCTEUR, CONDITIONNEUR ET DISTRIBUTEUR DE CAMERISE Bloom \u2013 Petits Fruits Nordiques est la premi\u00e8re entreprise de production de camerise \u00e0 grande \u00e9chelle au Canada. Avec plus de 45 000 plants en terre et nos m\u00e9thodes de gestion des cultures innovatrices, Bloom est devenu l&rsquo;un des principaux ambassadeurs de cette nouvelle culture passionnante. La camerise est [&hellip;]<\/p>\n","protected":false},"author":1,"featured_media":0,"parent":0,"menu_order":0,"comment_status":"closed","ping_status":"closed","template":"","meta":{"_coblocks_attr":"","_coblocks_dimensions":"","_coblocks_responsive_height":"","_coblocks_accordion_ie_support":"","footnotes":""},"class_list":["post-5","page","type-page","status-publish","hentry"],"translation":{"provider":"WPGlobus","version":"3.0.1","language":"fr","enabled_languages":["en","fr"],"languages":{"en":{"title":true,"content":true,"excerpt":false},"fr":{"title":true,"content":true,"excerpt":false}}},"yoast_head":"<!-- This site is optimized with the Yoast SEO plugin v26.8 - https:\/\/yoast.com\/product\/yoast-seo-wordpress\/ -->\n<title>Accueil - Bloom - Petits Fruits Nordiques<\/title>\n<meta name=\"robots\" content=\"index, follow, max-snippet:-1, max-image-preview:large, max-video-preview:-1\" \/>\n<link rel=\"canonical\" href=\"https:\/\/www.bloomnordicberries.com\/\" \/>\n<meta property=\"og:locale\" content=\"fr_FR\" \/>\n<meta property=\"og:type\" content=\"article\" \/>\n<meta property=\"og:title\" content=\"Accueil - Bloom - Petits Fruits Nordiques\" \/>\n<meta property=\"og:url\" content=\"https:\/\/www.bloomnordicberries.com\/\" \/>\n<meta property=\"og:site_name\" content=\"Bloom - Petits Fruits Nordiques\" \/>\n<meta property=\"article:modified_time\" content=\"2026-03-08T18:48:08+00:00\" \/>\n<meta property=\"og:image\" content=\"https:\/\/www.bloomnordicberries.com\/wp-content\/uploads\/2020\/08\/camerise-phase-4-2000x1000-1.jpg\" \/>\n\t<meta property=\"og:image:width\" content=\"2000\" \/>\n\t<meta property=\"og:image:height\" content=\"1000\" \/>\n\t<meta property=\"og:image:type\" content=\"image\/jpeg\" \/>\n<meta name=\"twitter:card\" content=\"summary_large_image\" \/>\n<meta name=\"twitter:label1\" content=\"Dur\u00e9e de lecture estim\u00e9e\" \/>\n\t<meta name=\"twitter:data1\" content=\"2 minutes\" \/>\n<script type=\"application\/ld+json\" class=\"yoast-schema-graph\">{\"@context\":\"https:\/\/schema.org\",\"@graph\":[{\"@type\":\"WebPage\",\"@id\":\"https:\/\/www.bloomnordicberries.com\/\",\"url\":\"https:\/\/www.bloomnordicberries.com\/\",\"name\":\"Accueil - Bloom - Petits Fruits Nordiques\",\"isPartOf\":{\"@id\":\"https:\/\/www.bloomnordicberries.com\/#website\"},\"primaryImageOfPage\":{\"@id\":\"https:\/\/www.bloomnordicberries.com\/#primaryimage\"},\"image\":{\"@id\":\"https:\/\/www.bloomnordicberries.com\/#primaryimage\"},\"thumbnailUrl\":\"https:\/\/www.bloomnordicberries.com\/wp-content\/uploads\/2020\/08\/camerise-phase-4-2000x1000-1.jpg\",\"datePublished\":\"2020-08-07T00:43:32+00:00\",\"dateModified\":\"2026-03-08T18:48:08+00:00\",\"description\":\"Producteur de baies de haskap (camerises) au Qu\u00e9bec. D\u00e9couvrez des camerises de grade A cultiv\u00e9es au Qu\u00e9bec.\",\"breadcrumb\":{\"@id\":\"https:\/\/www.bloomnordicberries.com\/#breadcrumb\"},\"inLanguage\":\"fr-FR\",\"potentialAction\":[{\"@type\":\"ReadAction\",\"target\":[\"https:\/\/www.bloomnordicberries.com\/\"]}]},{\"@type\":\"ImageObject\",\"inLanguage\":\"fr-FR\",\"@id\":\"https:\/\/www.bloomnordicberries.com\/#primaryimage\",\"url\":\"https:\/\/www.bloomnordicberries.com\/wp-content\/uploads\/2020\/08\/camerise-phase-4-2000x1000-1.jpg\",\"contentUrl\":\"https:\/\/www.bloomnordicberries.com\/wp-content\/uploads\/2020\/08\/camerise-phase-4-2000x1000-1.jpg\"},{\"@type\":\"BreadcrumbList\",\"@id\":\"https:\/\/www.bloomnordicberries.com\/#breadcrumb\",\"itemListElement\":[{\"@type\":\"ListItem\",\"position\":1,\"name\":\"Home\",\"item\":\"https:\/\/www.bloomnordicberries.com\/\"},{\"@type\":\"ListItem\",\"position\":2,\"name\":\"Home\"}]},{\"@type\":\"WebSite\",\"@id\":\"https:\/\/www.bloomnordicberries.com\/#website\",\"url\":\"https:\/\/www.bloomnordicberries.com\/\",\"name\":\"Bloom - Petits Fruits Nordiques\",\"description\":\"Petits Fruits Nordiques\",\"publisher\":{\"@id\":\"https:\/\/www.bloomnordicberries.com\/#organization\"},\"potentialAction\":[{\"@type\":\"SearchAction\",\"target\":{\"@type\":\"EntryPoint\",\"urlTemplate\":\"https:\/\/www.bloomnordicberries.com\/?s={search_term_string}\"},\"query-input\":{\"@type\":\"PropertyValueSpecification\",\"valueRequired\":true,\"valueName\":\"search_term_string\"}}],\"inLanguage\":\"fr-FR\"},{\"@type\":\"Organization\",\"@id\":\"https:\/\/www.bloomnordicberries.com\/#organization\",\"name\":\"Bloom - Petits Fruits Nordiques\",\"url\":\"https:\/\/www.bloomnordicberries.com\/\",\"logo\":{\"@type\":\"ImageObject\",\"inLanguage\":\"fr-FR\",\"@id\":\"https:\/\/www.bloomnordicberries.com\/#\/schema\/logo\/image\/\",\"url\":\"https:\/\/www.bloomnordicberries.com\/wp-content\/uploads\/2020\/08\/cropped-bloom-nordic-berries-logo.png\",\"contentUrl\":\"https:\/\/www.bloomnordicberries.com\/wp-content\/uploads\/2020\/08\/cropped-bloom-nordic-berries-logo.png\",\"width\":694,\"height\":243,\"caption\":\"Bloom - Petits Fruits Nordiques\"},\"image\":{\"@id\":\"https:\/\/www.bloomnordicberries.com\/#\/schema\/logo\/image\/\"}}]}<\/script>\n<!-- \/ Yoast SEO plugin. -->","yoast_head_json":{"title":"Accueil - Bloom - Petits Fruits Nordiques","robots":{"index":"index","follow":"follow","max-snippet":"max-snippet:-1","max-image-preview":"max-image-preview:large","max-video-preview":"max-video-preview:-1"},"canonical":"https:\/\/www.bloomnordicberries.com\/","og_locale":"fr_FR","og_type":"article","og_title":"Accueil - Bloom - Petits Fruits Nordiques","og_url":"https:\/\/www.bloomnordicberries.com\/","og_site_name":"Bloom - Petits Fruits Nordiques","article_modified_time":"2026-03-08T18:48:08+00:00","og_image":[{"width":2000,"height":1000,"url":"https:\/\/www.bloomnordicberries.com\/wp-content\/uploads\/2020\/08\/camerise-phase-4-2000x1000-1.jpg","type":"image\/jpeg"}],"twitter_card":"summary_large_image","twitter_misc":{"Dur\u00e9e de lecture estim\u00e9e":"2 minutes"},"schema":{"@context":"https:\/\/schema.org","@graph":[{"@type":"WebPage","@id":"https:\/\/www.bloomnordicberries.com\/","url":"https:\/\/www.bloomnordicberries.com\/","name":"Accueil - Bloom - Petits Fruits Nordiques","isPartOf":{"@id":"https:\/\/www.bloomnordicberries.com\/#website"},"primaryImageOfPage":{"@id":"https:\/\/www.bloomnordicberries.com\/#primaryimage"},"image":{"@id":"https:\/\/www.bloomnordicberries.com\/#primaryimage"},"thumbnailUrl":"https:\/\/www.bloomnordicberries.com\/wp-content\/uploads\/2020\/08\/camerise-phase-4-2000x1000-1.jpg","datePublished":"2020-08-07T00:43:32+00:00","dateModified":"2026-03-08T18:48:08+00:00","description":"Producteur de baies de haskap (camerises) au Qu\u00e9bec. D\u00e9couvrez des camerises de grade A cultiv\u00e9es au Qu\u00e9bec.","breadcrumb":{"@id":"https:\/\/www.bloomnordicberries.com\/#breadcrumb"},"inLanguage":"fr-FR","potentialAction":[{"@type":"ReadAction","target":["https:\/\/www.bloomnordicberries.com\/"]}]},{"@type":"ImageObject","inLanguage":"fr-FR","@id":"https:\/\/www.bloomnordicberries.com\/#primaryimage","url":"https:\/\/www.bloomnordicberries.com\/wp-content\/uploads\/2020\/08\/camerise-phase-4-2000x1000-1.jpg","contentUrl":"https:\/\/www.bloomnordicberries.com\/wp-content\/uploads\/2020\/08\/camerise-phase-4-2000x1000-1.jpg"},{"@type":"BreadcrumbList","@id":"https:\/\/www.bloomnordicberries.com\/#breadcrumb","itemListElement":[{"@type":"ListItem","position":1,"name":"Home","item":"https:\/\/www.bloomnordicberries.com\/"},{"@type":"ListItem","position":2,"name":"Home"}]},{"@type":"WebSite","@id":"https:\/\/www.bloomnordicberries.com\/#website","url":"https:\/\/www.bloomnordicberries.com\/","name":"Bloom - Petits Fruits Nordiques","description":"Petits Fruits Nordiques","publisher":{"@id":"https:\/\/www.bloomnordicberries.com\/#organization"},"potentialAction":[{"@type":"SearchAction","target":{"@type":"EntryPoint","urlTemplate":"https:\/\/www.bloomnordicberries.com\/?s={search_term_string}"},"query-input":{"@type":"PropertyValueSpecification","valueRequired":true,"valueName":"search_term_string"}}],"inLanguage":"fr-FR"},{"@type":"Organization","@id":"https:\/\/www.bloomnordicberries.com\/#organization","name":"Bloom - Petits Fruits Nordiques","url":"https:\/\/www.bloomnordicberries.com\/","logo":{"@type":"ImageObject","inLanguage":"fr-FR","@id":"https:\/\/www.bloomnordicberries.com\/#\/schema\/logo\/image\/","url":"https:\/\/www.bloomnordicberries.com\/wp-content\/uploads\/2020\/08\/cropped-bloom-nordic-berries-logo.png","contentUrl":"https:\/\/www.bloomnordicberries.com\/wp-content\/uploads\/2020\/08\/cropped-bloom-nordic-berries-logo.png","width":694,"height":243,"caption":"Bloom - Petits Fruits Nordiques"},"image":{"@id":"https:\/\/www.bloomnordicberries.com\/#\/schema\/logo\/image\/"}}]}},"_links":{"self":[{"href":"https:\/\/www.bloomnordicberries.com\/fr\/wp-json\/wp\/v2\/pages\/5","targetHints":{"allow":["GET"]}}],"collection":[{"href":"https:\/\/www.bloomnordicberries.com\/fr\/wp-json\/wp\/v2\/pages"}],"about":[{"href":"https:\/\/www.bloomnordicberries.com\/fr\/wp-json\/wp\/v2\/types\/page"}],"author":[{"embeddable":true,"href":"https:\/\/www.bloomnordicberries.com\/fr\/wp-json\/wp\/v2\/users\/1"}],"replies":[{"embeddable":true,"href":"https:\/\/www.bloomnordicberries.com\/fr\/wp-json\/wp\/v2\/comments?post=5"}],"version-history":[{"count":107,"href":"https:\/\/www.bloomnordicberries.com\/fr\/wp-json\/wp\/v2\/pages\/5\/revisions"}],"predecessor-version":[{"id":408,"href":"https:\/\/www.bloomnordicberries.com\/fr\/wp-json\/wp\/v2\/pages\/5\/revisions\/408"}],"wp:attachment":[{"href":"https:\/\/www.bloomnordicberries.com\/fr\/wp-json\/wp\/v2\/media?parent=5"}],"curies":[{"name":"wp","href":"https:\/\/api.w.org\/{rel}","templated":true}]}}