{"id":91,"date":"2020-08-10T20:19:17","date_gmt":"2020-08-11T00:19:17","guid":{"rendered":"https:\/\/www.bloomnordicberries.com\/?page_id=91"},"modified":"2020-09-17T15:49:20","modified_gmt":"2020-09-17T19:49:20","slug":"our-story","status":"publish","type":"page","link":"https:\/\/www.bloomnordicberries.com\/fr\/our-story\/","title":{"rendered":"Our Story"},"content":{"rendered":"<p><img decoding=\"async\" src=\"https:\/\/www.bloomnordicberries.com\/wp-content\/uploads\/elementor\/thumbs\/rang-camerise-gabrielle-1000x600-1-ots8f35xk8hh10fq5c13ub7838t9z9e4k9h6v1w5c0.jpg\" title=\"rang-camerise-gabrielle-1000\u00d7600\" alt=\"rang-camerise-gabrielle-1000x600\"><\/p>\n<h2 style=\"text-align: left;\">&nbsp;<\/h2>\n<h2 style=\"text-align: center;\"><strong>NOTRE HISTOIRE<\/strong><\/h2>\n<p>Bloom \u2013 Petits Fruits Nordiques est une soci\u00e9t\u00e9 appartenant \u00e0 un fr\u00e8re et une s\u0153ur. Vincent et Gabrielle exploitent une entreprise agricole de deuxi\u00e8me g\u00e9n\u00e9ration, qui consiste principalement en la culture de fermes de canneberges sur une superficie de 450 acres. En 2014, les propri\u00e9taires ont d\u00e9cid\u00e9 de diversifier leur production en achetant 240 acres de terre et en y plantant 45 000 plants de cam\u00e9risiers provenant d\u2019un laboratoire de propagation bas\u00e9 en Alberta.<\/p>\n<h2 style=\"text-align: center;\"><strong>DIRECTEMENT DE NOTRE VERGER<\/strong><\/h2>\n<p>Bloom \u2013 Petits Fruits Nordiques distribue des camerises qui proviennent directement de notre verger situ\u00e9 dans la province de Qu\u00e9bec au Canada. Notre plus grande fiert\u00e9 est de produire des fruits de la plus grande qualit\u00e9.<\/p>\n<p>La r\u00e9colte se fait uniquement de nuit pour pr\u00e9server l&rsquo;int\u00e9grit\u00e9 des fruits qui sont tr\u00e8s fragiles, ce qui serait impossible s&rsquo;ils \u00e9taient r\u00e9colt\u00e9s pendant les chaudes journ\u00e9es de d\u00e9but juillet.<\/p>\n<p>Les fruits sont imm\u00e9diatement plac\u00e9s dans un espace r\u00e9frig\u00e9r\u00e9 jusqu&rsquo;\u00e0 ce qu&rsquo;ils soient transport\u00e9s dans une chambre froide pour une surg\u00e9lation. Ils sont ensuite tri\u00e9s optiquement, pass\u00e9s au d\u00e9tecteur de m\u00e9tal et emball\u00e9s dans une usine certifi\u00e9e FSSC 22000 pour garantir une qualit\u00e9 optimale et homog\u00e8ne.<\/p>\n<p><img decoding=\"async\" src=\"https:\/\/www.bloomnordicberries.com\/wp-content\/uploads\/elementor\/thumbs\/recolte-filet-camerise-1000x600-1-ots8f6xabkmmbga9jdnm4a92gsaqu1t1ws34s5qkn4.jpg\" title=\"recolte-filet-camerise-1000\u00d7600\" alt=\"recolte-filet-camerise-1000x600\"><br \/>\n<img decoding=\"async\" src=\"https:\/\/www.bloomnordicberries.com\/wp-content\/uploads\/elementor\/thumbs\/rang-2-camerise-gabrielle-1000x600-1-ov89fojdd95abcn4ipqcxxuqaduvci8h4td5qwuf40.jpg\" title=\"rang-2-camerise-gabrielle-1000\u00d7600\" alt=\"rang-2-camerise-gabrielle-1000x600\"><\/p>\n<h2>&nbsp;<\/h2>\n<h2 style=\"text-align: center;\"><strong>NOTRE MISSION<\/strong><\/h2>\n<p>LA MISSION DE BLOOM \u2013 PETITS FRUITS NORDIQUES EST DE POPULARISER LA CAMERISE ET SES SAVEURS COMPLEXES \u00c0 TRAVERS LE MONDE.<\/p>\n","protected":false},"excerpt":{"rendered":"<p>&nbsp; NOTRE HISTOIRE Bloom \u2013 Petits Fruits Nordiques est une soci\u00e9t\u00e9 appartenant \u00e0 un fr\u00e8re et une s\u0153ur. Vincent et Gabrielle exploitent une entreprise agricole de deuxi\u00e8me g\u00e9n\u00e9ration, qui consiste principalement en la culture de fermes de canneberges sur une superficie de 450 acres. En 2014, les propri\u00e9taires ont d\u00e9cid\u00e9 de diversifier leur production en [&hellip;]<\/p>\n","protected":false},"author":1,"featured_media":0,"parent":0,"menu_order":0,"comment_status":"closed","ping_status":"closed","template":"","meta":{"_coblocks_attr":"","_coblocks_dimensions":"","_coblocks_responsive_height":"","_coblocks_accordion_ie_support":"","footnotes":""},"class_list":["post-91","page","type-page","status-publish","hentry"],"translation":{"provider":"WPGlobus","version":"3.0.1","language":"fr","enabled_languages":["en","fr"],"languages":{"en":{"title":true,"content":true,"excerpt":false},"fr":{"title":true,"content":true,"excerpt":false}}},"yoast_head":"<!-- This site is optimized with the Yoast SEO plugin v26.8 - https:\/\/yoast.com\/product\/yoast-seo-wordpress\/ -->\n<title>Our Story - Bloom - Petits Fruits Nordiques<\/title>\n<meta name=\"robots\" content=\"index, follow, max-snippet:-1, max-image-preview:large, max-video-preview:-1\" \/>\n<link rel=\"canonical\" href=\"https:\/\/www.bloomnordicberries.com\/our-story\/\" \/>\n<meta property=\"og:locale\" content=\"fr_FR\" \/>\n<meta property=\"og:type\" content=\"article\" \/>\n<meta property=\"og:title\" content=\"Our Story - Bloom - Petits Fruits Nordiques\" \/>\n<meta property=\"og:url\" content=\"https:\/\/www.bloomnordicberries.com\/our-story\/\" \/>\n<meta property=\"og:site_name\" content=\"Bloom - Petits Fruits Nordiques\" \/>\n<meta property=\"article:modified_time\" content=\"2020-09-17T19:49:20+00:00\" \/>\n<meta property=\"og:image\" content=\"https:\/\/www.bloomnordicberries.com\/wp-content\/uploads\/elementor\/thumbs\/rang-camerise-gabrielle-1000x600-1-ots8f35xk8hh10fq5c13ub7838t9z9e4k9h6v1w5c0.jpg\" \/>\n<meta name=\"twitter:card\" content=\"summary_large_image\" \/>\n<meta name=\"twitter:label1\" content=\"Dur\u00e9e de lecture estim\u00e9e\" \/>\n\t<meta name=\"twitter:data1\" content=\"2 minutes\" \/>\n<script type=\"application\/ld+json\" class=\"yoast-schema-graph\">{\"@context\":\"https:\/\/schema.org\",\"@graph\":[{\"@type\":\"WebPage\",\"@id\":\"https:\/\/www.bloomnordicberries.com\/our-story\/\",\"url\":\"https:\/\/www.bloomnordicberries.com\/our-story\/\",\"name\":\"Our Story - Bloom - Petits Fruits Nordiques\",\"isPartOf\":{\"@id\":\"https:\/\/www.bloomnordicberries.com\/#website\"},\"primaryImageOfPage\":{\"@id\":\"https:\/\/www.bloomnordicberries.com\/our-story\/#primaryimage\"},\"image\":{\"@id\":\"https:\/\/www.bloomnordicberries.com\/our-story\/#primaryimage\"},\"thumbnailUrl\":\"https:\/\/www.bloomnordicberries.com\/wp-content\/uploads\/elementor\/thumbs\/rang-camerise-gabrielle-1000x600-1-ots8f35xk8hh10fq5c13ub7838t9z9e4k9h6v1w5c0.jpg\",\"datePublished\":\"2020-08-11T00:19:17+00:00\",\"dateModified\":\"2020-09-17T19:49:20+00:00\",\"breadcrumb\":{\"@id\":\"https:\/\/www.bloomnordicberries.com\/our-story\/#breadcrumb\"},\"inLanguage\":\"fr-FR\",\"potentialAction\":[{\"@type\":\"ReadAction\",\"target\":[\"https:\/\/www.bloomnordicberries.com\/our-story\/\"]}]},{\"@type\":\"ImageObject\",\"inLanguage\":\"fr-FR\",\"@id\":\"https:\/\/www.bloomnordicberries.com\/our-story\/#primaryimage\",\"url\":\"https:\/\/www.bloomnordicberries.com\/wp-content\/uploads\/elementor\/thumbs\/rang-camerise-gabrielle-1000x600-1-ots8f35xk8hh10fq5c13ub7838t9z9e4k9h6v1w5c0.jpg\",\"contentUrl\":\"https:\/\/www.bloomnordicberries.com\/wp-content\/uploads\/elementor\/thumbs\/rang-camerise-gabrielle-1000x600-1-ots8f35xk8hh10fq5c13ub7838t9z9e4k9h6v1w5c0.jpg\"},{\"@type\":\"BreadcrumbList\",\"@id\":\"https:\/\/www.bloomnordicberries.com\/our-story\/#breadcrumb\",\"itemListElement\":[{\"@type\":\"ListItem\",\"position\":1,\"name\":\"Home\",\"item\":\"https:\/\/www.bloomnordicberries.com\/\"},{\"@type\":\"ListItem\",\"position\":2,\"name\":\"Our Story\"}]},{\"@type\":\"WebSite\",\"@id\":\"https:\/\/www.bloomnordicberries.com\/#website\",\"url\":\"https:\/\/www.bloomnordicberries.com\/\",\"name\":\"Bloom - Petits Fruits Nordiques\",\"description\":\"Petits Fruits Nordiques\",\"publisher\":{\"@id\":\"https:\/\/www.bloomnordicberries.com\/#organization\"},\"potentialAction\":[{\"@type\":\"SearchAction\",\"target\":{\"@type\":\"EntryPoint\",\"urlTemplate\":\"https:\/\/www.bloomnordicberries.com\/?s={search_term_string}\"},\"query-input\":{\"@type\":\"PropertyValueSpecification\",\"valueRequired\":true,\"valueName\":\"search_term_string\"}}],\"inLanguage\":\"fr-FR\"},{\"@type\":\"Organization\",\"@id\":\"https:\/\/www.bloomnordicberries.com\/#organization\",\"name\":\"Bloom - Petits Fruits Nordiques\",\"url\":\"https:\/\/www.bloomnordicberries.com\/\",\"logo\":{\"@type\":\"ImageObject\",\"inLanguage\":\"fr-FR\",\"@id\":\"https:\/\/www.bloomnordicberries.com\/#\/schema\/logo\/image\/\",\"url\":\"https:\/\/www.bloomnordicberries.com\/wp-content\/uploads\/2020\/08\/cropped-bloom-nordic-berries-logo.png\",\"contentUrl\":\"https:\/\/www.bloomnordicberries.com\/wp-content\/uploads\/2020\/08\/cropped-bloom-nordic-berries-logo.png\",\"width\":694,\"height\":243,\"caption\":\"Bloom - Petits Fruits Nordiques\"},\"image\":{\"@id\":\"https:\/\/www.bloomnordicberries.com\/#\/schema\/logo\/image\/\"}}]}<\/script>\n<!-- \/ Yoast SEO plugin. -->","yoast_head_json":{"title":"Our Story - Bloom - Petits Fruits Nordiques","robots":{"index":"index","follow":"follow","max-snippet":"max-snippet:-1","max-image-preview":"max-image-preview:large","max-video-preview":"max-video-preview:-1"},"canonical":"https:\/\/www.bloomnordicberries.com\/our-story\/","og_locale":"fr_FR","og_type":"article","og_title":"Our Story - Bloom - Petits Fruits Nordiques","og_url":"https:\/\/www.bloomnordicberries.com\/our-story\/","og_site_name":"Bloom - Petits Fruits Nordiques","article_modified_time":"2020-09-17T19:49:20+00:00","og_image":[{"url":"https:\/\/www.bloomnordicberries.com\/wp-content\/uploads\/elementor\/thumbs\/rang-camerise-gabrielle-1000x600-1-ots8f35xk8hh10fq5c13ub7838t9z9e4k9h6v1w5c0.jpg","type":"","width":"","height":""}],"twitter_card":"summary_large_image","twitter_misc":{"Dur\u00e9e de lecture estim\u00e9e":"2 minutes"},"schema":{"@context":"https:\/\/schema.org","@graph":[{"@type":"WebPage","@id":"https:\/\/www.bloomnordicberries.com\/our-story\/","url":"https:\/\/www.bloomnordicberries.com\/our-story\/","name":"Our Story - Bloom - Petits Fruits Nordiques","isPartOf":{"@id":"https:\/\/www.bloomnordicberries.com\/#website"},"primaryImageOfPage":{"@id":"https:\/\/www.bloomnordicberries.com\/our-story\/#primaryimage"},"image":{"@id":"https:\/\/www.bloomnordicberries.com\/our-story\/#primaryimage"},"thumbnailUrl":"https:\/\/www.bloomnordicberries.com\/wp-content\/uploads\/elementor\/thumbs\/rang-camerise-gabrielle-1000x600-1-ots8f35xk8hh10fq5c13ub7838t9z9e4k9h6v1w5c0.jpg","datePublished":"2020-08-11T00:19:17+00:00","dateModified":"2020-09-17T19:49:20+00:00","breadcrumb":{"@id":"https:\/\/www.bloomnordicberries.com\/our-story\/#breadcrumb"},"inLanguage":"fr-FR","potentialAction":[{"@type":"ReadAction","target":["https:\/\/www.bloomnordicberries.com\/our-story\/"]}]},{"@type":"ImageObject","inLanguage":"fr-FR","@id":"https:\/\/www.bloomnordicberries.com\/our-story\/#primaryimage","url":"https:\/\/www.bloomnordicberries.com\/wp-content\/uploads\/elementor\/thumbs\/rang-camerise-gabrielle-1000x600-1-ots8f35xk8hh10fq5c13ub7838t9z9e4k9h6v1w5c0.jpg","contentUrl":"https:\/\/www.bloomnordicberries.com\/wp-content\/uploads\/elementor\/thumbs\/rang-camerise-gabrielle-1000x600-1-ots8f35xk8hh10fq5c13ub7838t9z9e4k9h6v1w5c0.jpg"},{"@type":"BreadcrumbList","@id":"https:\/\/www.bloomnordicberries.com\/our-story\/#breadcrumb","itemListElement":[{"@type":"ListItem","position":1,"name":"Home","item":"https:\/\/www.bloomnordicberries.com\/"},{"@type":"ListItem","position":2,"name":"Our Story"}]},{"@type":"WebSite","@id":"https:\/\/www.bloomnordicberries.com\/#website","url":"https:\/\/www.bloomnordicberries.com\/","name":"Bloom - Petits Fruits Nordiques","description":"Petits Fruits Nordiques","publisher":{"@id":"https:\/\/www.bloomnordicberries.com\/#organization"},"potentialAction":[{"@type":"SearchAction","target":{"@type":"EntryPoint","urlTemplate":"https:\/\/www.bloomnordicberries.com\/?s={search_term_string}"},"query-input":{"@type":"PropertyValueSpecification","valueRequired":true,"valueName":"search_term_string"}}],"inLanguage":"fr-FR"},{"@type":"Organization","@id":"https:\/\/www.bloomnordicberries.com\/#organization","name":"Bloom - Petits Fruits Nordiques","url":"https:\/\/www.bloomnordicberries.com\/","logo":{"@type":"ImageObject","inLanguage":"fr-FR","@id":"https:\/\/www.bloomnordicberries.com\/#\/schema\/logo\/image\/","url":"https:\/\/www.bloomnordicberries.com\/wp-content\/uploads\/2020\/08\/cropped-bloom-nordic-berries-logo.png","contentUrl":"https:\/\/www.bloomnordicberries.com\/wp-content\/uploads\/2020\/08\/cropped-bloom-nordic-berries-logo.png","width":694,"height":243,"caption":"Bloom - Petits Fruits Nordiques"},"image":{"@id":"https:\/\/www.bloomnordicberries.com\/#\/schema\/logo\/image\/"}}]}},"_links":{"self":[{"href":"https:\/\/www.bloomnordicberries.com\/fr\/wp-json\/wp\/v2\/pages\/91","targetHints":{"allow":["GET"]}}],"collection":[{"href":"https:\/\/www.bloomnordicberries.com\/fr\/wp-json\/wp\/v2\/pages"}],"about":[{"href":"https:\/\/www.bloomnordicberries.com\/fr\/wp-json\/wp\/v2\/types\/page"}],"author":[{"embeddable":true,"href":"https:\/\/www.bloomnordicberries.com\/fr\/wp-json\/wp\/v2\/users\/1"}],"replies":[{"embeddable":true,"href":"https:\/\/www.bloomnordicberries.com\/fr\/wp-json\/wp\/v2\/comments?post=91"}],"version-history":[{"count":18,"href":"https:\/\/www.bloomnordicberries.com\/fr\/wp-json\/wp\/v2\/pages\/91\/revisions"}],"predecessor-version":[{"id":290,"href":"https:\/\/www.bloomnordicberries.com\/fr\/wp-json\/wp\/v2\/pages\/91\/revisions\/290"}],"wp:attachment":[{"href":"https:\/\/www.bloomnordicberries.com\/fr\/wp-json\/wp\/v2\/media?parent=91"}],"curies":[{"name":"wp","href":"https:\/\/api.w.org\/{rel}","templated":true}]}}